{"id":1527,"date":"2023-01-25T11:56:34","date_gmt":"2023-01-25T11:56:34","guid":{"rendered":"https:\/\/toc-project.org\/?page_id=1527"},"modified":"2023-03-09T23:34:48","modified_gmt":"2023-03-09T23:34:48","slug":"about","status":"publish","type":"page","link":"https:\/\/toc-project.org\/es\/about\/","title":{"rendered":"Acerca de"},"content":{"rendered":"<div data-elementor-type=\"wp-page\" data-elementor-id=\"1527\" class=\"elementor elementor-1527\">\n\t\t\t\t\t\t<section class=\"has_eae_slider elementor-section elementor-top-section elementor-element elementor-element-6dee5ae elementor-section-full_width elementor-section-height-default elementor-section-height-default\" data-eae-slider=\"17424\" data-id=\"6dee5ae\" data-element_type=\"section\" data-e-type=\"section\" data-settings=\"{&quot;background_background&quot;:&quot;classic&quot;}\">\n\t\t\t\t\t\t<div class=\"elementor-container elementor-column-gap-default\">\n\t\t\t\t\t<div class=\"has_eae_slider elementor-column elementor-col-100 elementor-top-column elementor-element elementor-element-0a0ee8f\" data-eae-slider=\"20130\" data-id=\"0a0ee8f\" data-element_type=\"column\" data-e-type=\"column\">\n\t\t\t<div class=\"elementor-widget-wrap elementor-element-populated\">\n\t\t\t\t\t\t<div class=\"elementor-element elementor-element-fc3a57e elementor-widget elementor-widget-heading\" data-id=\"fc3a57e\" data-element_type=\"widget\" data-e-type=\"widget\" data-widget_type=\"heading.default\">\n\t\t\t\t<div class=\"elementor-widget-container\">\n\t\t\t\t\t<h2 class=\"elementor-heading-title elementor-size-default\">Acerca de<\/h2>\t\t\t\t<\/div>\n\t\t\t\t<\/div>\n\t\t\t\t<div class=\"elementor-element elementor-element-d8db896 elementor-widget-divider--view-line elementor-widget elementor-widget-divider\" data-id=\"d8db896\" data-element_type=\"widget\" data-e-type=\"widget\" data-widget_type=\"divider.default\">\n\t\t\t\t<div class=\"elementor-widget-container\">\n\t\t\t\t\t\t\t<div class=\"elementor-divider\">\n\t\t\t<span class=\"elementor-divider-separator\">\n\t\t\t\t\t\t<\/span>\n\t\t<\/div>\n\t\t\t\t\t\t<\/div>\n\t\t\t\t<\/div>\n\t\t\t\t<div class=\"elementor-element elementor-element-752c821 elementor-widget elementor-widget-text-editor\" data-id=\"752c821\" data-element_type=\"widget\" data-e-type=\"widget\" data-widget_type=\"text-editor.default\">\n\t\t\t\t<div class=\"elementor-widget-container\">\n\t\t\t\t\t\t\t\t\t<p>Together for Tackling Cyberbullying (TOC) es una Asociaci\u00f3n Estrat\u00e9gica de 24 meses en el \u00e1mbito de la Juventud cuyo objetivo es <strong>sensibilizaci\u00f3n <\/strong>acerca de <strong>Ciberacoso<\/strong> as\u00ed como en <strong>prevenir la violencia entre los j\u00f3venes<\/strong>.<\/p><p>Seg\u00fan UNICEF, \"el ciberacoso es el acoso mediante el uso de tecnolog\u00edas digitales. Puede tener lugar en redes sociales, plataformas de mensajer\u00eda, plataformas de juegos y tel\u00e9fonos m\u00f3viles. Se trata de un comportamiento repetido, cuyo objetivo es asustar, enfadar o avergonzar a las personas a las que se dirige... El acoso cara a cara y el ciberacoso a menudo pueden ir de la mano. Pero el ciberacoso deja una huella digital, un registro que puede resultar \u00fatil y aportar pruebas para ayudar a detener el abuso\".<\/p><p>La COT implica tanto la <strong>grupos destinatarios <\/strong>de <strong>j\u00f3venes trabajadores <\/strong>y <strong>j\u00f3venes<\/strong>. Adem\u00e1s, pretende implicar activamente a los j\u00f3venes como alumnos y como verdaderos protagonistas del cambio social luchando contra el ciberacoso.<\/p><p>TOC desarrollar\u00e1 un nuevo <strong>metodolog\u00eda educativa <\/strong>arraigado en <strong>Narraci\u00f3n digital,<\/strong> <strong>Competencias digitales <\/strong>y <strong>Pensamiento cr\u00edtico<\/strong>siendo por primera vez complementarios entre s\u00ed.<\/p>\t\t\t\t\t\t\t\t<\/div>\n\t\t\t\t<\/div>\n\t\t\t\t\t<\/div>\n\t\t<\/div>\n\t\t\t\t\t<\/div>\n\t\t<\/section>\n\t\t\t\t<\/div>","protected":false},"excerpt":{"rendered":"<p>About Together for Tackling Cyberbullying (TOC) is a 24-month Strategic Partnership in the field of Youth aiming at raising awareness about Cyberbullying as well as&hellip;<\/p>","protected":false},"author":1,"featured_media":0,"parent":0,"menu_order":0,"comment_status":"closed","ping_status":"closed","template":"","meta":{"footnotes":""},"class_list":["post-1527","page","type-page","status-publish","hentry"],"_links":{"self":[{"href":"https:\/\/toc-project.org\/es\/wp-json\/wp\/v2\/pages\/1527","targetHints":{"allow":["GET"]}}],"collection":[{"href":"https:\/\/toc-project.org\/es\/wp-json\/wp\/v2\/pages"}],"about":[{"href":"https:\/\/toc-project.org\/es\/wp-json\/wp\/v2\/types\/page"}],"author":[{"embeddable":true,"href":"https:\/\/toc-project.org\/es\/wp-json\/wp\/v2\/users\/1"}],"replies":[{"embeddable":true,"href":"https:\/\/toc-project.org\/es\/wp-json\/wp\/v2\/comments?post=1527"}],"version-history":[{"count":21,"href":"https:\/\/toc-project.org\/es\/wp-json\/wp\/v2\/pages\/1527\/revisions"}],"predecessor-version":[{"id":1737,"href":"https:\/\/toc-project.org\/es\/wp-json\/wp\/v2\/pages\/1527\/revisions\/1737"}],"wp:attachment":[{"href":"https:\/\/toc-project.org\/es\/wp-json\/wp\/v2\/media?parent=1527"}],"curies":[{"name":"wp","href":"https:\/\/api.w.org\/{rel}","templated":true}]}}