{"id":1532,"date":"2023-01-25T11:59:16","date_gmt":"2023-01-25T11:59:16","guid":{"rendered":"https:\/\/toc-project.org\/?page_id=1532"},"modified":"2023-03-09T23:35:01","modified_gmt":"2023-03-09T23:35:01","slug":"objectives","status":"publish","type":"page","link":"https:\/\/toc-project.org\/es\/objectives\/","title":{"rendered":"Objetivos"},"content":{"rendered":"<div data-elementor-type=\"wp-page\" data-elementor-id=\"1532\" class=\"elementor elementor-1532\">\n\t\t\t\t\t\t<section class=\"has_eae_slider elementor-section elementor-top-section elementor-element elementor-element-be8b287 elementor-section-full_width elementor-section-height-default elementor-section-height-default\" data-eae-slider=\"3933\" data-id=\"be8b287\" data-element_type=\"section\" data-e-type=\"section\" data-settings=\"{&quot;background_background&quot;:&quot;classic&quot;}\">\n\t\t\t\t\t\t<div class=\"elementor-container elementor-column-gap-default\">\n\t\t\t\t\t<div class=\"has_eae_slider elementor-column elementor-col-100 elementor-top-column elementor-element elementor-element-ee21998\" data-eae-slider=\"75058\" data-id=\"ee21998\" data-element_type=\"column\" data-e-type=\"column\">\n\t\t\t<div class=\"elementor-widget-wrap elementor-element-populated\">\n\t\t\t\t\t\t<div class=\"elementor-element elementor-element-69e09c7 elementor-widget elementor-widget-heading\" data-id=\"69e09c7\" data-element_type=\"widget\" data-e-type=\"widget\" data-widget_type=\"heading.default\">\n\t\t\t\t<div class=\"elementor-widget-container\">\n\t\t\t\t\t<h2 class=\"elementor-heading-title elementor-size-default\">Objetivos<\/h2>\t\t\t\t<\/div>\n\t\t\t\t<\/div>\n\t\t\t\t<div class=\"elementor-element elementor-element-fac178f elementor-widget-divider--view-line elementor-widget elementor-widget-divider\" data-id=\"fac178f\" data-element_type=\"widget\" data-e-type=\"widget\" data-widget_type=\"divider.default\">\n\t\t\t\t<div class=\"elementor-widget-container\">\n\t\t\t\t\t\t\t<div class=\"elementor-divider\">\n\t\t\t<span class=\"elementor-divider-separator\">\n\t\t\t\t\t\t<\/span>\n\t\t<\/div>\n\t\t\t\t\t\t<\/div>\n\t\t\t\t<\/div>\n\t\t\t\t<div class=\"elementor-element elementor-element-de9db09 elementor-widget elementor-widget-text-editor\" data-id=\"de9db09\" data-element_type=\"widget\" data-e-type=\"widget\" data-widget_type=\"text-editor.default\">\n\t\t\t\t<div class=\"elementor-widget-container\">\n\t\t\t\t\t\t\t\t\t<p>El proyecto TOC pretende abordar los siguientes objetivos;<\/p><ul><li>Dise\u00f1ar un formato de formaci\u00f3n dirigido a trabajadores y organizaciones juveniles para abordar el ciberacoso entre los j\u00f3venes.<\/li><li>Desarrollar una nueva metodolog\u00eda innovadora para prevenir el ciberacoso, basada en la narraci\u00f3n digital, el pensamiento cr\u00edtico y las competencias digitales.<\/li><li>Promover el desarrollo de competencias c\u00edvicas y el respeto de los derechos humanos entre la comunidad juvenil de toda Europa, especialmente a nivel de consorcio .<\/li><li>Fomentar la ciudadan\u00eda activa, la confianza en uno mismo y el sentido de comunidad entre los j\u00f3venes.<\/li><li>Poner en marcha programas de actividades locales para llegar a los grupos destinatarios del COT.<\/li><\/ul>\t\t\t\t\t\t\t\t<\/div>\n\t\t\t\t<\/div>\n\t\t\t\t\t<\/div>\n\t\t<\/div>\n\t\t\t\t\t<\/div>\n\t\t<\/section>\n\t\t\t\t<\/div>","protected":false},"excerpt":{"rendered":"<p>Objectives TOC\u00a0 project intends to adress the following objectives; Design a Training Format targeted at youth workers and organizations for tackling Cyberbullying amongst young people&hellip;<\/p>","protected":false},"author":1,"featured_media":0,"parent":0,"menu_order":0,"comment_status":"closed","ping_status":"closed","template":"","meta":{"footnotes":""},"class_list":["post-1532","page","type-page","status-publish","hentry"],"_links":{"self":[{"href":"https:\/\/toc-project.org\/es\/wp-json\/wp\/v2\/pages\/1532","targetHints":{"allow":["GET"]}}],"collection":[{"href":"https:\/\/toc-project.org\/es\/wp-json\/wp\/v2\/pages"}],"about":[{"href":"https:\/\/toc-project.org\/es\/wp-json\/wp\/v2\/types\/page"}],"author":[{"embeddable":true,"href":"https:\/\/toc-project.org\/es\/wp-json\/wp\/v2\/users\/1"}],"replies":[{"embeddable":true,"href":"https:\/\/toc-project.org\/es\/wp-json\/wp\/v2\/comments?post=1532"}],"version-history":[{"count":8,"href":"https:\/\/toc-project.org\/es\/wp-json\/wp\/v2\/pages\/1532\/revisions"}],"predecessor-version":[{"id":1740,"href":"https:\/\/toc-project.org\/es\/wp-json\/wp\/v2\/pages\/1532\/revisions\/1740"}],"wp:attachment":[{"href":"https:\/\/toc-project.org\/es\/wp-json\/wp\/v2\/media?parent=1532"}],"curies":[{"name":"wp","href":"https:\/\/api.w.org\/{rel}","templated":true}]}}